{"id":13168,"date":"2017-08-03T10:31:45","date_gmt":"2017-08-03T10:31:45","guid":{"rendered":"https:\/\/www.multiprosystem.eu\/tooted-2\/"},"modified":"2017-08-11T06:54:41","modified_gmt":"2017-08-11T06:54:41","slug":"tuotteet","status":"publish","type":"page","link":"https:\/\/multiprosystem.eu\/fi\/tuotteet\/","title":{"rendered":"Tuotteet"},"content":{"rendered":"<div class=\"flex_column av_one_full  flex_column_div av-zero-column-padding first  \" style='border-radius:0px; '><div style='padding-bottom:10px;' class='av-special-heading av-special-heading-h2  blockquote modern-quote modern-centered '><h2 class='av-special-heading-tag'  itemprop=\"headline\"  >TUOTTEET<\/h2><div class='special-heading-border'><div class='special-heading-inner-border' ><\/div><\/div><\/div><\/div>\n<div class=\"flex_column av_one_half  flex_column_div av-zero-column-padding first  \" style='border-radius:0px; '><p><div style='padding-bottom:10px;' class='av-special-heading av-special-heading-h3    '><h3 class='av-special-heading-tag'  itemprop=\"headline\"  >Palonestoaineet<\/h3><div class='special-heading-border'><div class='special-heading-inner-border' ><\/div><\/div><\/div><br \/>\n<section class=\"av_textblock_section\"  itemscope=\"itemscope\" itemtype=\"https:\/\/schema.org\/CreativeWork\" ><div class='avia_textblock '  style='font-size:15px; '  itemprop=\"text\" ><p>Texterior ja Ultra ovat korkeimman luokan B-s1,d0 vesipohjaiset kyll\u00e4steet, joissa on useita etuja muihin samanlaisiin tuotteisiin verrattuna. Molemmat tuotteet ovat:<\/p>\n<ul>\n<li><strong>K\u00e4ytt\u00e4j\u00e4n ja ymp\u00e4rist\u00f6n kannalta turvallisia<\/strong>\u00a0\u2013 Ultran ja Texteriorin koostumuksessa ei ole halogeeneja eik\u00e4 myrkyllisi\u00e4, sy\u00f6p\u00e4\u00e4 aiheuttavia tai vaarallisiksi luokiteltuja aineita.<\/li>\n<li><strong>Helppok\u00e4ytt\u00f6isi\u00e4<\/strong>\u00a0\u2013 voidaan k\u00e4ytt\u00e4\u00e4 teollisesti (maalauskoneessa tai autoklaavissa) tai manuaalisesti (pensselill\u00e4, ruiskulla, telalla). Soveltuvat jo asennettujen rakenteiden, mm. julkisivujen yms., k\u00e4sittelemiseen.<\/li>\n<li><strong>Eiv\u00e4t vaadi syv\u00e4kyll\u00e4styst\u00e4\u00a0<\/strong>autoklaavissa (vaikka niit\u00e4 voidaan autoklaavissa k\u00e4ytt\u00e4\u00e4).<\/li>\n<li>K\u00e4sitellyn puupinnan\u00a0<strong>luonnollinen kuvio<\/strong>\u00a0s\u00e4ilyy ennallaan.<\/li>\n<\/ul>\n<p><strong>Texterior<\/strong><strong>\u00a0tarjoaa lis\u00e4ksi erinomaisen suojan biologisten riskien (homehtuminen, lahoaminen, sienet, termiitit) varalta.<\/strong><\/p>\n<p><strong>Ultra\u00a0<\/strong><strong>on muita palonestoaineita, joita ei tarvitse painekyll\u00e4st\u00e4\u00e4, huomattavasti tehokkaampi. T\u00e4ll\u00e4 aineella k\u00e4sitelty pinta on kaksinkertaisesti suojattu \u2013 puun pinta alkaa hiiltymisen aikaan saaman suojakerroksen lis\u00e4ksi my\u00f6s<\/strong>\u00a0\u2019kuplia\u2019, syntyy l\u00e4mp\u00f6paisuvien palonestomaalien tehoa muistuttava ilmi\u00f6.<\/p>\n<\/div><\/section><br \/>\n<div class='avia-button-wrap avia-button-left '><a href='https:\/\/multiprosystem.eu\/fi\/tuletokkevahendid\/' class='avia-button  avia-icon_select-no avia-color-theme-color avia-size-medium avia-position-left '   ><span class='avia_iconbox_title' >Lue lis\u00e4\u00e4<\/span><\/a><\/div><\/p><\/div><div class=\"flex_column av_one_half  flex_column_div av-zero-column-padding   \" style='border-radius:0px; '><div class='avia-image-container  av-styling-   avia-align-center '  itemscope=\"itemscope\" itemtype=\"https:\/\/schema.org\/ImageObject\"  ><div class='avia-image-container-inner'><img class='avia_image ' src='https:\/\/www.multiprosystem.eu\/wp-content\/uploads\/2015\/11\/photo-2-of-23-687x1030.jpg' alt='' title='photo (2 of 23)'   itemprop=\"contentURL\"  \/><\/div><\/div><\/div><\/p>\n<div  class='hr hr-default '><span class='hr-inner ' ><span class='hr-inner-style'><\/span><\/span><\/div>\n<div class=\"flex_column av_one_half  flex_column_div av-zero-column-padding first  \" style='border-radius:0px; '><div class='avia-image-container  av-styling-   avia-align-center '  itemscope=\"itemscope\" itemtype=\"https:\/\/schema.org\/ImageObject\"  ><div class='avia-image-container-inner'><img class='avia_image ' src='https:\/\/www.multiprosystem.eu\/wp-content\/uploads\/2015\/02\/MP-FR-Texterior_Toned-1030x773.jpg' alt='' title='MP FR Texterior_Toned'   itemprop=\"contentURL\"  \/><\/div><\/div><\/div>\n<div class=\"flex_column av_one_half  flex_column_div av-zero-column-padding   \" style='border-radius:0px; '><p><div style='padding-bottom:10px;' class='av-special-heading av-special-heading-h3    '><h3 class='av-special-heading-tag'  itemprop=\"headline\"  >Palonsuojapetsi<\/h3><div class='special-heading-border'><div class='special-heading-inner-border' ><\/div><\/div><\/div><br \/>\n<section class=\"av_textblock_section\"  itemscope=\"itemscope\" itemtype=\"https:\/\/schema.org\/CreativeWork\" ><div class='avia_textblock '  style='font-size:15px; '  itemprop=\"text\" ><p><strong>Puun palonsuojapetsi on maailmanlaajuisesti ainutlaatuinen tuote, jonka ainoa valmistaja on MultiPro System.<\/strong><\/p>\n<p>T\u00e4m\u00e4 tuote on itse asiassa kaksi-yhdess\u00e4: tuote antaa korkeimman paloluokan B-s1,d0 mukaisen suojan ja luo pintaan kauniin ilmeen.<\/p>\n<p>MultiPro System valmistaa palonestopetsej\u00e4 sis\u00e4- ja ulkok\u00e4ytt\u00f6\u00f6n. Molempia tuotteita voidaan levitt\u00e4\u00e4 k\u00e4sin (pensselill\u00e4 tai telalla) tai teollisesti (maalauskoneessa).<\/p>\n<p>Tuotteen k\u00e4ytt\u00e4\u00e4 auttaa s\u00e4\u00e4st\u00e4m\u00e4\u00e4n aikaa ja rahaa \u2013 kahden erilaisen materiaalin (palonestoaine ja petsi\/maali) ja ty\u00f6prosessin sijaan riitt\u00e4v\u00e4t vaaditun lopputuloksen saavuttamiseen yksi tuote ja ty\u00f6prosessi.<\/p>\n<\/div><\/section><br \/>\n<div class='avia-button-wrap avia-button-right '><a href='https:\/\/multiprosystem.eu\/fi\/tuletokkepeits\/' class='avia-button  avia-icon_select-no avia-color-theme-color avia-size-medium avia-position-right '   ><span class='avia_iconbox_title' >Lue lis\u00e4\u00e4<\/span><\/a><\/div><\/p><\/div><div  class='hr hr-default '><span class='hr-inner ' ><span class='hr-inner-style'><\/span><\/span><\/div><\/p>\n<div class=\"flex_column av_one_half  flex_column_div av-zero-column-padding first  \" style='border-radius:0px; '><p><div style='padding-bottom:10px;' class='av-special-heading av-special-heading-h3    '><h3 class='av-special-heading-tag'  itemprop=\"headline\"  >Puunsuoja-aineet<\/h3><div class='special-heading-border'><div class='special-heading-inner-border' ><\/div><\/div><\/div><br \/>\n<section class=\"av_textblock_section\"  itemscope=\"itemscope\" itemtype=\"https:\/\/schema.org\/CreativeWork\" ><div class='avia_textblock '  style='font-size:15px; '  itemprop=\"text\" ><section class=\"av_textblock_section\">\n<div class=\"avia_textblock \">\n<section class=\"av_textblock_section\">\n<div class=\"avia_textblock \">\n<p>MultiPro Systemin valmistamat puunsuoja-aineet antavat erinomaisen suojan biologisten riskien (home, laho, sienet, tuholaiset) varalta ja ovat vaatimusten mukaisessa k\u00e4yt\u00f6ss\u00e4 ihmisen ja ymp\u00e4rist\u00f6n kannalta turvallisia.<\/p>\n<\/div>\n<\/section>\n<\/div>\n<\/section>\n<\/div><\/section><br \/>\n<div class='avia-button-wrap avia-button-left '><a href='https:\/\/multiprosystem.eu\/fi\/puidukaitsevahendid\/' class='avia-button  avia-icon_select-no avia-color-theme-color avia-size-medium avia-position-left '   ><span class='avia_iconbox_title' >Lue lis\u00e4\u00e4<\/span><\/a><\/div><\/p><\/div><div class=\"flex_column av_one_half  flex_column_div av-zero-column-padding   \" style='border-radius:0px; '><div class='avia-image-container  av-styling-   avia-align-center '  itemscope=\"itemscope\" itemtype=\"https:\/\/schema.org\/ImageObject\"  ><div class='avia-image-container-inner'><img class='avia_image ' src='https:\/\/www.multiprosystem.eu\/wp-content\/uploads\/2015\/11\/photo-17-of-23-1030x687.jpg' alt='' title='photo (17 of 23)'   itemprop=\"contentURL\"  \/><\/div><\/div><\/div><\/p>\n","protected":false},"excerpt":{"rendered":"","protected":false},"author":1,"featured_media":0,"parent":0,"menu_order":0,"comment_status":"closed","ping_status":"closed","template":"","meta":{"footnotes":""},"class_list":["post-13168","page","type-page","status-publish","hentry"],"yoast_head":"<!-- This site is optimized with the Yoast SEO plugin v15.3 - https:\/\/yoast.com\/wordpress\/plugins\/seo\/ -->\n<meta name=\"robots\" content=\"index, follow, max-snippet:-1, max-image-preview:large, max-video-preview:-1\" \/>\n<link rel=\"canonical\" href=\"https:\/\/multiprosystem.eu\/fi\/tuotteet\/\" \/>\n<meta property=\"og:locale\" content=\"fi_FI\" \/>\n<meta property=\"og:type\" content=\"article\" \/>\n<meta property=\"og:title\" content=\"Tuotteet - MultiPro System O\u00dc\" \/>\n<meta property=\"og:url\" content=\"https:\/\/multiprosystem.eu\/fi\/tuotteet\/\" \/>\n<meta property=\"og:site_name\" content=\"MultiPro System O\u00dc\" \/>\n<meta property=\"article:modified_time\" content=\"2017-08-11T06:54:41+00:00\" \/>\n<meta name=\"twitter:card\" content=\"summary_large_image\" \/>\n<meta name=\"twitter:label1\" content=\"Written by\">\n\t<meta name=\"twitter:data1\" content=\"admin\">\n\t<meta name=\"twitter:label2\" content=\"Est. reading time\">\n\t<meta name=\"twitter:data2\" content=\"4 minuuttia\">\n<script type=\"application\/ld+json\" class=\"yoast-schema-graph\">{\"@context\":\"https:\/\/schema.org\",\"@graph\":[{\"@type\":\"WebSite\",\"@id\":\"https:\/\/multiprosystem.eu\/#website\",\"url\":\"https:\/\/multiprosystem.eu\/\",\"name\":\"MultiPro System O\\u00dc\",\"description\":\"Top-of-the-line fire retardants\",\"potentialAction\":[{\"@type\":\"SearchAction\",\"target\":\"https:\/\/multiprosystem.eu\/?s={search_term_string}\",\"query-input\":\"required name=search_term_string\"}],\"inLanguage\":\"fi\"},{\"@type\":\"WebPage\",\"@id\":\"https:\/\/multiprosystem.eu\/fi\/tuotteet\/#webpage\",\"url\":\"https:\/\/multiprosystem.eu\/fi\/tuotteet\/\",\"name\":\"Tuotteet - MultiPro System O\\u00dc\",\"isPartOf\":{\"@id\":\"https:\/\/multiprosystem.eu\/#website\"},\"datePublished\":\"2017-08-03T10:31:45+00:00\",\"dateModified\":\"2017-08-11T06:54:41+00:00\",\"inLanguage\":\"fi\",\"potentialAction\":[{\"@type\":\"ReadAction\",\"target\":[\"https:\/\/multiprosystem.eu\/fi\/tuotteet\/\"]}]}]}<\/script>\n<!-- \/ Yoast SEO plugin. -->","amp_validity":null,"amp_enabled":true,"_links":{"self":[{"href":"https:\/\/multiprosystem.eu\/fi\/wp-json\/wp\/v2\/pages\/13168","targetHints":{"allow":["GET"]}}],"collection":[{"href":"https:\/\/multiprosystem.eu\/fi\/wp-json\/wp\/v2\/pages"}],"about":[{"href":"https:\/\/multiprosystem.eu\/fi\/wp-json\/wp\/v2\/types\/page"}],"author":[{"embeddable":true,"href":"https:\/\/multiprosystem.eu\/fi\/wp-json\/wp\/v2\/users\/1"}],"replies":[{"embeddable":true,"href":"https:\/\/multiprosystem.eu\/fi\/wp-json\/wp\/v2\/comments?post=13168"}],"version-history":[{"count":7,"href":"https:\/\/multiprosystem.eu\/fi\/wp-json\/wp\/v2\/pages\/13168\/revisions"}],"predecessor-version":[{"id":13237,"href":"https:\/\/multiprosystem.eu\/fi\/wp-json\/wp\/v2\/pages\/13168\/revisions\/13237"}],"wp:attachment":[{"href":"https:\/\/multiprosystem.eu\/fi\/wp-json\/wp\/v2\/media?parent=13168"}],"curies":[{"name":"wp","href":"https:\/\/api.w.org\/{rel}","templated":true}]}}