{"id":11390,"date":"2015-10-03T00:49:42","date_gmt":"2015-10-03T00:49:42","guid":{"rendered":"http:\/\/prolog.webest.ee\/?page_id=11390"},"modified":"2017-11-03T07:24:03","modified_gmt":"2017-11-03T07:24:03","slug":"tuletokkevahendid","status":"publish","type":"page","link":"https:\/\/multiprosystem.eu\/vana\/et\/tuletokkevahendid\/","title":{"rendered":"Tulet\u00f5kkevahendid"},"content":{"rendered":"<\/div><\/div><\/div><!-- close content main div --><\/div><\/div><div id='av_section_1' class='avia-section main_color avia-section-default avia-no-shadow avia-full-stretch av-parallax-section av-section-color-overlay-active avia-bg-style-parallax  av-minimum-height av-minimum-height-50 container_wrap fullsize'  data-section-bg-repeat='stretch' ><div class='av-parallax' data-avia-parallax-ratio='0.3' ><div class='av-parallax-inner main_color  avia-full-stretch' style = 'background-repeat: no-repeat; background-image: url(https:\/\/multiprosystem.eu\/vana\/wp-content\/uploads\/2015\/02\/photo-22-of-23-copy1.jpg); background-attachment: scroll; background-position: center center; ' ><\/div><\/div><div class='av-section-color-overlay-wrap'><div class='av-section-color-overlay' style='opacity: 0.5; background-color: #272727; '><\/div><div class='container' ><div class='template-page content  av-content-full alpha units'><div class='post-entry post-entry-type-page post-entry-11390'><div class='entry-content-wrapper clearfix'>\n<div style='padding-bottom:0px;color:#ffffff;font-size:50px;' class='av-special-heading av-special-heading-h1 custom-color-heading blockquote modern-quote modern-centered  av-inherit-size'><h1 class='av-special-heading-tag'  itemprop=\"headline\"  >Tulet\u00f5kkevahendid<\/h1><div class ='av-subheading av-subheading_below av_custom_color' style='font-size:15px;'><p>Toodame innovatiivsel toimeainel p\u00f5hinevaid puidu tulet\u00f5kkevahendeid, mis omavad<br \/>\nk\u00f5rgeimat v\u00f5imalikku B-s1,d0 klassi ning on samas ohutud tervisele ja keskkonnale.<\/p>\n<\/div><div class='special-heading-border'><div class='special-heading-inner-border' style='border-color:#ffffff'><\/div><\/div><\/div>\n<div style=' margin-top:30px; margin-bottom:30px;'  class='hr hr-custom hr-center hr-icon-yes '><span class='hr-inner   inner-border-av-border-thin' style=' width:20%; border-color:rgba(255,255,255,0.76);' ><span class='hr-inner-style'><\/span><\/span><span class='av-seperator-icon' style='color:#ffffff;' aria-hidden='true' data-av_icon='\ue8bf' data-av_iconfont='entypo-fontello'><\/span><span class='hr-inner   inner-border-av-border-thin' style=' width:20%; border-color:rgba(255,255,255,0.76);' ><span class='hr-inner-style'><\/span><\/span><\/div>\n\n<\/div><\/div><\/div><!-- close content main div --><\/div><\/div><\/div><div id='texterior' class='avia-section main_color avia-section-default avia-shadow avia-bg-style-scroll  container_wrap fullsize' style = 'background-color: #ffffff; background-color: #ffffff; '  ><div class='container' ><div class='template-page content  av-content-full alpha units'><div class='post-entry post-entry-type-page post-entry-11390'><div class='entry-content-wrapper clearfix'>\n<div class=\"flex_column av_one_half  flex_column_div av-zero-column-padding first  \" style='border-radius:0px; '><p><div style='padding-bottom:10px;' class='av-special-heading av-special-heading-h3    '><h3 class='av-special-heading-tag'  itemprop=\"headline\"  >Tulet\u00f5kkevahend MP-FR Ultra ja Texterior<\/h3><div class='special-heading-border'><div class='special-heading-inner-border' ><\/div><\/div><\/div><br \/>\n<section class=\"av_textblock_section\"  itemscope=\"itemscope\" itemtype=\"https:\/\/schema.org\/CreativeWork\" ><div class='avia_textblock '   itemprop=\"text\" ><p>Nii Texterior kui Ultra on k\u00f5rgeima, B-s1,d0 klassi veep\u00f5hised immutusvahendid, mis omavad teiste analoogsete toodete ees olulisi eeliseid. M\u00f5lemad on:<\/p>\n<ul>\n<li><strong>Terviseohutud ja keskkonnas\u00f5bralikud<\/strong> \u2013 nii Ultra kui Texterior ei sisalda halogeene ega toksilisi, kantserogeenseid ega muul moel ohtlikke \u00fchendeid;<\/li>\n<li><strong>Lihtsalt kasutatavad<\/strong> \u2013 saab kasutada nii t\u00f6\u00f6stuslikult (v\u00e4rvimismasinas v\u00f5i autoklaavis) kui k\u00e4sitsi (pintsliga, pihustiga, rullikuga). Saab t\u00f6\u00f6delda ka juba paigaldatud konstruktsioone, fassaade jms.;<\/li>\n<li><strong>Ei vaja s\u00fcvaimmutust<\/strong> autoklaavis (kuigi neid saab autoklaavis kasutada);<\/li>\n<li>J\u00e4tavad t\u00f6\u00f6deldud puitpinna <strong>v\u00e4limuse naturaalseks<\/strong><\/li>\n<\/ul>\n<p><strong>Texterior<\/strong><strong> pakub lisaks ka suurep\u00e4rast kaitset bioloogiliste riskide (m\u00e4danemine,k\u00f5dunemine, seened, termiidid) eest.<\/strong><\/p>\n<p><strong>Ultra <\/strong><strong>on teistest <\/strong>surveimmutust mittevajavatest tulet\u00f5kkevahenditest m\u00e4rksa efektiivsem. Sellega t\u00f6\u00f6deldud omab kahekordset kaitset \u2013 lisaks puitpinna s\u00f6estumisest tekkivale kaitsekihile hakkab puidu pealispind ka \u2019kobrutama\u2019, tekib paisuvatele tulet\u00f5kkev\u00e4rvidele sarnane efekt.<\/p>\n<\/div><\/section><br \/>\n<div class='avia-button-wrap avia-button-center '><a href='https:\/\/www.multiprosystem.eu\/vana\/et\/#kontakt' class='avia-button  avia-icon_select-no avia-color-theme-color avia-size-small avia-position-center '   ><span class='avia_iconbox_title' >V\u00f5ta meiega \u00fchendust<\/span><\/a><\/div><br \/>\n<div style='padding-bottom:10px;' class='av-special-heading av-special-heading-h3    '><h3 class='av-special-heading-tag'  itemprop=\"headline\"  >Tulet\u00f5kkevahend Accoyale<\/h3><div class='special-heading-border'><div class='special-heading-inner-border' ><\/div><\/div><\/div><br \/>\n<section class=\"av_textblock_section\"  itemscope=\"itemscope\" itemtype=\"https:\/\/schema.org\/CreativeWork\" ><div class='avia_textblock '   itemprop=\"text\" ><p>Accoya, mille kohta selle tootja Accys Ltd. \u00fctleb\u00a0<em>hi-tech wood<\/em>\u00a0e. k\u00f5rgtehnoloogiline puit, kogub tuntust ja leiab \u00fcha laiemat kasutamist ka Eestis. Accoya valmistatakse tavapuidu atset\u00fc\u00fclimisprotsessis, mis on Accsys Ltd. poolt patenteeritud.<\/p>\n<p>Ent atset\u00fc\u00fclimine ei anna puidule tulekaitset \u2013 Accoya s\u00fcttib ja p\u00f5leb samamoodi v\u00f5i isegi paremini kui tavapuit. Olles eriline puit vajab Accoya ka spetsiaalset tulet\u00f5kkevahendit, mis peab olema justnimelt Accoya peal testitud ja sertifitseeritud. Tavapuidu jaoks m\u00f5eldud tulet\u00f5kke-immutusvahendid Accoya peal ei toimi ning tavapuidule v\u00e4lja antud sertifikaadid Accoya puhul ei kehti.<\/p>\n<p><span style=\"color: #999999;\"><a style=\"color: #999999;\" href=\"https:\/\/www.multiprosystem.euet\/tuletokkevahendid\/accoya\/\">Loe veel<\/a><\/span><\/p>\n<\/div><\/section><br \/>\n<div class='avia-button-wrap avia-button-center '><a href='https:\/\/www.multiprosystem.eu\/vana\/et\/#kontakt' class='avia-button  avia-icon_select-no avia-color-theme-color avia-size-small avia-position-center '   ><span class='avia_iconbox_title' >V\u00f5ta meiega \u00fchendust<\/span><\/a><\/div><br \/>\n<div style='padding-bottom:10px;' class='av-special-heading av-special-heading-h3    '><h3 class='av-special-heading-tag'  itemprop=\"headline\"  >Tulet\u00f5kkevahend termopuidule<\/h3><div class='special-heading-border'><div class='special-heading-inner-border' ><\/div><\/div><\/div><br \/>\n<section class=\"av_textblock_section\"  itemscope=\"itemscope\" itemtype=\"https:\/\/schema.org\/CreativeWork\" ><div class='avia_textblock '   itemprop=\"text\" ><p>Termot\u00f6\u00f6deldud puidu e. termopuidu valmistamiseks t\u00f6\u00f6deldakse puitu k\u00f5rgema kui 170 C temperatuuri juures. Selle protsessi tagaj\u00e4rjel paranevad puidu pehkimis- ja ilmastikukindlus ning soojusisoleerivus ja niiskuspaisumine. K\u00f5rgel temperatuuril eraldub puidust ka vaik.<\/p>\n<p>Termopuit sobib h\u00e4sti nii sise- kui v\u00e4lisvooderduseks, terrassi- ja p\u00f5randalauaks, m\u00f6\u00f6bliesemete ning sisustuse valmistamiseks. Termiline t\u00f6\u00f6tlemine parandab puidu biokindlust ja teeb selle eriti sobivaks v\u00e4listingimustes kasutamiseks. Niiskuskindluse t\u00f5ttu on termopuit leidnud laialdast kasutamist saunade siseviimistluses.<\/p>\n<p><span style=\"color: #999999;\"><a style=\"color: #999999;\" href=\"https:\/\/www.multiprosystem.euet\/tuletokkevahendid\/termopuit\/\">Loe veel<\/a><\/span><\/p>\n<\/div><\/section><br \/>\n<div class='avia-button-wrap avia-button-center '><a href='https:\/\/www.multiprosystem.eu\/vana\/et\/#kontakt' class='avia-button  avia-icon_select-no avia-color-theme-color avia-size-small avia-position-center '   ><span class='avia_iconbox_title' >V\u00f5ta meiega \u00fchendust<\/span><\/a><\/div><\/p><\/div><div class=\"flex_column av_one_half  flex_column_div av-zero-column-padding   \" style='border-radius:0px; '><div class='avia-image-container  av-styling-   avia-align-center '  itemscope=\"itemscope\" itemtype=\"https:\/\/schema.org\/ImageObject\"  ><div class='avia-image-container-inner'><img class='avia_image ' src='https:\/\/multiprosystem.eu\/vana\/wp-content\/uploads\/2015\/11\/photo-2-of-23.jpg' alt='' title='photo (2 of 23)'   itemprop=\"contentURL\"  \/><\/div><\/div><\/div>\n\n","protected":false},"excerpt":{"rendered":"","protected":false},"author":1,"featured_media":0,"parent":0,"menu_order":0,"comment_status":"closed","ping_status":"closed","template":"","meta":{"footnotes":""},"class_list":["post-11390","page","type-page","status-publish","hentry"],"yoast_head":"<!-- This site is optimized with the Yoast SEO plugin v15.3 - https:\/\/yoast.com\/wordpress\/plugins\/seo\/ -->\n<meta name=\"description\" content=\"Tulet\u00f5kkevahendid MP FR Texterior ja MP FR Ultra omavad k\u00f5rgeimat B-s1,d0 klassi. Immutusvahendid on lihtsasti kasutatavad ning keskkonnas\u00f5bralikud.\" \/>\n<meta name=\"robots\" content=\"index, follow, max-snippet:-1, max-image-preview:large, max-video-preview:-1\" \/>\n<link rel=\"canonical\" href=\"https:\/\/www.multiprosystem.eu\/vana\/et\/tuletokkevahendid\/\" \/>\n<meta property=\"og:locale\" content=\"et_EE\" \/>\n<meta property=\"og:type\" content=\"article\" \/>\n<meta property=\"og:title\" content=\"Tulet\u00f5kkevahendid puidule | MultiPro System tulet\u00f5kkevahendid\" \/>\n<meta property=\"og:description\" content=\"Tulet\u00f5kkevahendid MP FR Texterior ja MP FR Ultra omavad k\u00f5rgeimat B-s1,d0 klassi. Immutusvahendid on lihtsasti kasutatavad ning keskkonnas\u00f5bralikud.\" \/>\n<meta property=\"og:url\" content=\"https:\/\/www.multiprosystem.eu\/vana\/et\/tuletokkevahendid\/\" \/>\n<meta property=\"og:site_name\" content=\"MultiPro System O\u00dc\" \/>\n<meta property=\"article:modified_time\" content=\"2017-11-03T07:24:03+00:00\" \/>\n<meta name=\"twitter:card\" content=\"summary_large_image\" \/>\n<meta name=\"twitter:label1\" content=\"Written by\">\n\t<meta name=\"twitter:data1\" content=\"admin\">\n\t<meta name=\"twitter:label2\" content=\"Est. reading time\">\n\t<meta name=\"twitter:data2\" content=\"4 minutit\">\n<script type=\"application\/ld+json\" class=\"yoast-schema-graph\">{\"@context\":\"https:\/\/schema.org\",\"@graph\":[{\"@type\":\"WebSite\",\"@id\":\"https:\/\/multiprosystem.eu\/vana\/#website\",\"url\":\"https:\/\/multiprosystem.eu\/vana\/\",\"name\":\"MultiPro System O\\u00dc\",\"description\":\"Top-of-the-line fire retardants\",\"potentialAction\":[{\"@type\":\"SearchAction\",\"target\":\"https:\/\/multiprosystem.eu\/vana\/?s={search_term_string}\",\"query-input\":\"required name=search_term_string\"}],\"inLanguage\":\"et\"},{\"@type\":\"WebPage\",\"@id\":\"https:\/\/www.multiprosystem.eu\/vana\/et\/tuletokkevahendid\/#webpage\",\"url\":\"https:\/\/www.multiprosystem.eu\/vana\/et\/tuletokkevahendid\/\",\"name\":\"Tulet\\u00f5kkevahendid puidule | MultiPro System tulet\\u00f5kkevahendid\",\"isPartOf\":{\"@id\":\"https:\/\/multiprosystem.eu\/vana\/#website\"},\"datePublished\":\"2015-10-03T00:49:42+00:00\",\"dateModified\":\"2017-11-03T07:24:03+00:00\",\"description\":\"Tulet\\u00f5kkevahendid MP FR Texterior ja MP FR Ultra omavad k\\u00f5rgeimat B-s1,d0 klassi. Immutusvahendid on lihtsasti kasutatavad ning keskkonnas\\u00f5bralikud.\",\"inLanguage\":\"et\",\"potentialAction\":[{\"@type\":\"ReadAction\",\"target\":[\"https:\/\/www.multiprosystem.eu\/vana\/et\/tuletokkevahendid\/\"]}]}]}<\/script>\n<!-- \/ Yoast SEO plugin. -->","amp_validity":null,"amp_enabled":true,"_links":{"self":[{"href":"https:\/\/multiprosystem.eu\/vana\/et\/wp-json\/wp\/v2\/pages\/11390","targetHints":{"allow":["GET"]}}],"collection":[{"href":"https:\/\/multiprosystem.eu\/vana\/et\/wp-json\/wp\/v2\/pages"}],"about":[{"href":"https:\/\/multiprosystem.eu\/vana\/et\/wp-json\/wp\/v2\/types\/page"}],"author":[{"embeddable":true,"href":"https:\/\/multiprosystem.eu\/vana\/et\/wp-json\/wp\/v2\/users\/1"}],"replies":[{"embeddable":true,"href":"https:\/\/multiprosystem.eu\/vana\/et\/wp-json\/wp\/v2\/comments?post=11390"}],"version-history":[{"count":48,"href":"https:\/\/multiprosystem.eu\/vana\/et\/wp-json\/wp\/v2\/pages\/11390\/revisions"}],"predecessor-version":[{"id":13246,"href":"https:\/\/multiprosystem.eu\/vana\/et\/wp-json\/wp\/v2\/pages\/11390\/revisions\/13246"}],"wp:attachment":[{"href":"https:\/\/multiprosystem.eu\/vana\/et\/wp-json\/wp\/v2\/media?parent=11390"}],"curies":[{"name":"wp","href":"https:\/\/api.w.org\/{rel}","templated":true}]}}