{"id":11396,"date":"2015-10-03T00:50:30","date_gmt":"2015-10-03T00:50:30","guid":{"rendered":"http:\/\/prolog.webest.ee\/?page_id=11396"},"modified":"2017-05-11T09:32:34","modified_gmt":"2017-05-11T09:32:34","slug":"tuletokkepeits","status":"publish","type":"page","link":"https:\/\/multiprosystem.eu\/vana\/et\/tuletokkepeits\/","title":{"rendered":"Tulet\u00f5kkepeits"},"content":{"rendered":"<\/div><\/div><\/div><!-- close content main div --><\/div><\/div><div id='av_section_1' class='avia-section main_color avia-section-default avia-no-shadow avia-full-stretch av-parallax-section av-section-color-overlay-active avia-bg-style-parallax  av-minimum-height av-minimum-height-50 container_wrap fullsize'  data-section-bg-repeat='stretch' ><div class='av-parallax' data-avia-parallax-ratio='0.3' ><div class='av-parallax-inner main_color  avia-full-stretch' style = 'background-repeat: no-repeat; background-image: url(https:\/\/multiprosystem.eu\/vana\/wp-content\/uploads\/2015\/02\/photo-22-of-23-copy1.jpg); background-attachment: scroll; background-position: center center; ' ><\/div><\/div><div class='av-section-color-overlay-wrap'><div class='av-section-color-overlay' style='opacity: 0.5; background-color: #272727; '><\/div><div class='container' ><div class='template-page content  av-content-full alpha units'><div class='post-entry post-entry-type-page post-entry-11396'><div class='entry-content-wrapper clearfix'>\n<div style='padding-bottom:0px;color:#ffffff;font-size:50px;' class='av-special-heading av-special-heading-h1 custom-color-heading blockquote modern-quote modern-centered  av-inherit-size'><h1 class='av-special-heading-tag'  itemprop=\"headline\"  >Tulet\u00f5kkepeits<\/h1><div class ='av-subheading av-subheading_below av_custom_color' style='font-size:15px;'><p>Tegemist on sisuliselt kaks-\u00fches tootega: see tagab k\u00f5rgeima tulet\u00f5kkeklassi B-s1,d0 ja annab soovitud dekoratiivse v\u00e4limuse.<\/p>\n<\/div><div class='special-heading-border'><div class='special-heading-inner-border' style='border-color:#ffffff'><\/div><\/div><\/div>\n<div style=' margin-top:30px; margin-bottom:30px;'  class='hr hr-custom hr-center hr-icon-yes '><span class='hr-inner   inner-border-av-border-thin' style=' width:20%; border-color:rgba(255,255,255,0.76);' ><span class='hr-inner-style'><\/span><\/span><span class='av-seperator-icon' style='color:#ffffff;' aria-hidden='true' data-av_icon='\ue8bf' data-av_iconfont='entypo-fontello'><\/span><span class='hr-inner   inner-border-av-border-thin' style=' width:20%; border-color:rgba(255,255,255,0.76);' ><span class='hr-inner-style'><\/span><\/span><\/div>\n\n<\/div><\/div><\/div><!-- close content main div --><\/div><\/div><\/div><div id='ettevottest' class='avia-section main_color avia-section-default avia-shadow avia-bg-style-scroll  container_wrap fullsize' style = 'background-color: #ffffff; background-color: #ffffff; '  ><div class='container' ><div class='template-page content  av-content-full alpha units'><div class='post-entry post-entry-type-page post-entry-11396'><div class='entry-content-wrapper clearfix'>\n<div class=\"flex_column av_one_half  flex_column_div av-zero-column-padding first  \" style='border-radius:0px; '><p><section class=\"av_textblock_section\"  itemscope=\"itemscope\" itemtype=\"https:\/\/schema.org\/CreativeWork\" ><div class='avia_textblock '  style='font-size:14px; '  itemprop=\"text\" ><p><strong>Tulet\u00f5kkepeits puidule on unikaalne toode, mida peale MultiPro Systemi maailmas keegi teine ei tooda.<\/strong><\/p>\n<p>Tegemist on sisuliselt kaks-\u00fches tootega: see tagab k\u00f5rgeima tulet\u00f5kkeklassi B-s1,d0 ja\u00a0 annab soovitud dekoratiivse v\u00e4limuse.<\/p>\n<p>MultiPro System toodab tulet\u00f5kkepeitsi nii sise- kui v\u00e4likasutuseks. M\u00f5lemad tooted on kasutatavad nii k\u00e4sitsi (pintsli v\u00f5i rullikuga) kui t\u00f6\u00f6stuslikult (v\u00e4rvimismasinas).<\/p>\n<p>Toote kasutamine aitab oluliselt s\u00e4\u00e4sta aega ja raha &#8211; kahe erineva materjali (tulet\u00f5kkevahend ja peits\/v\u00e4rv) ja t\u00f6\u00f6protsessi asemel saab sama tulemuse \u00fche toote ja t\u00f6\u00f6protsessiga.<\/p>\n<\/div><\/section><br \/>\n<div class='avia-button-wrap avia-button-left '><a href='https:\/\/www.multiprosystem.eu\/vana\/et\/#kontakt' class='avia-button  avia-icon_select-no avia-color-theme-color avia-size-large avia-position-left '   ><span class='avia_iconbox_title' >V\u00f5ta meiega \u00fchendust<\/span><\/a><\/div><\/p><\/div><div class=\"flex_column av_one_half  flex_column_div av-zero-column-padding   \" style='border-radius:0px; '><p><div class='avia-image-container  av-styling-   avia-align-center '  itemscope=\"itemscope\" itemtype=\"https:\/\/schema.org\/ImageObject\"  ><div class='avia-image-container-inner'><img class='avia_image ' src='https:\/\/multiprosystem.eu\/vana\/wp-content\/uploads\/2015\/02\/MP-FR-Texterior_Toned.jpg' alt='' title='MP FR Texterior_Toned'   itemprop=\"contentURL\"  \/><\/div><\/div><br \/>\n<div style='height:25px' class='hr hr-invisible '><span class='hr-inner ' ><span class='hr-inner-style'><\/span><\/span><\/div><br \/>\n<section class=\"av_textblock_section\"  itemscope=\"itemscope\" itemtype=\"https:\/\/schema.org\/CreativeWork\" ><div class='avia_textblock '   itemprop=\"text\" ><p style=\"text-align: center;\"><img loading=\"lazy\" decoding=\"async\" class=\"wp-image-12826 alignnone\" src=\"https:\/\/www.multiprosystem.eu\/vana\/wp-content\/uploads\/2015\/10\/pdf-80x80.png\" alt=\"pdf\" width=\"17\" height=\"17\" \/><a href=\"https:\/\/www.multiprosystem.eu\/vana\/wp-content\/uploads\/2015\/10\/MultiPro_System_toonikaart_EST.pdf\" rel=\"\">TEXTERIOR &#8211; TOONIKAART<\/a><\/p>\n<\/div><\/section><\/p><\/div><div class=\"flex_column av_one_half  flex_column_div av-zero-column-padding first  \" style='border-radius:0px; '><section class=\"av_textblock_section\"  itemscope=\"itemscope\" itemtype=\"https:\/\/schema.org\/CreativeWork\" ><div class='avia_textblock '  style='font-size:14px; '  itemprop=\"text\" ><p><strong>Texterior tulet\u00f5kkepeits &#8211; immutusvahend:<\/strong><\/p>\n<ul>\n<li>kasutamiseks v\u00e4litingimustes (B-s1,d0 klass)<\/li>\n<li>v\u00e4ga hea UV-kaitse ja ilmastikukindlusega immutusvahend<\/li>\n<li>sobib kasutamiseks v\u00e4litingimustes nii<br \/>\npeensaetud, h\u00f6\u00f6veldatud kui lihvitud<br \/>\npuitpindadel<\/li>\n<li>tulet\u00f5kkepeitsiga\u00a0t\u00f6\u00f6deldud pinnad ei vaja \u00fclelakkimist v\u00f5i v\u00e4rvimist<\/li>\n<li>tagab\u00a0esmaklassilise kaitse niiskuse ja kahjurite<br \/>\np\u00f5hjustatud probleemide, nagu hallitus, m\u00e4danik, sinihallitus,<br \/>\nseened jms eest<\/li>\n<li>ei sisalda vabu formaldeh\u00fc\u00fcde ning kuivades ei eraldu<br \/>\nformaldeh\u00fc\u00fcde keskkonda<\/li>\n<li>ei sisalda kantserogeenseid ega muid m\u00fcrgiseid aineid<\/li>\n<\/ul>\n<\/div><\/section><\/div><div class=\"flex_column av_one_half  flex_column_div av-zero-column-padding   \" style='border-radius:0px; '><section class=\"av_textblock_section\"  itemscope=\"itemscope\" itemtype=\"https:\/\/schema.org\/CreativeWork\" ><div class='avia_textblock '  style='font-size:14px; '  itemprop=\"text\" ><p><strong>Ultra tulet\u00f5kkepeits &#8211; immutusvahend:<\/strong><\/p>\n<ul>\n<li>kasutamiseks nii sise- kui v\u00e4litingimustes\u00a0(B-s1,d0 klass)<\/li>\n<li>sobib kasutamiseks nii peensaetud, h\u00f6\u00f6veldamata, h\u00f6\u00f6veldatud kui ka\u00a0lihvitud puitpindadel<\/li>\n<li>ei sobi kasutamiseks pindadel, mis on eelnevalt t\u00f6\u00f6deldud\u00a0puidu poore sulgeva pinnakattevahendiga (lakid,\u00a0v\u00e4rvid, \u00f5lid jms)<\/li>\n<li>tulet\u00f5kkevahenidga\u00a0t\u00f6\u00f6deldud pinnad ei vaja \u00fclelakkimist v\u00f5i katmist\u00a0t\u00e4iskatva v\u00e4rviga.<\/li>\n<li>ei sisalda vabu formaldeh\u00fc\u00fcde ning kuivades ei eraldu<br \/>\nformaldeh\u00fc\u00fcde keskkonda<\/li>\n<li>ei sisalda kantserogeenseid ega muid m\u00fcrgiseid aineid<\/li>\n<\/ul>\n<\/div><\/section><\/div>\n","protected":false},"excerpt":{"rendered":"","protected":false},"author":1,"featured_media":0,"parent":0,"menu_order":0,"comment_status":"closed","ping_status":"closed","template":"","meta":{"footnotes":""},"class_list":["post-11396","page","type-page","status-publish","hentry"],"yoast_head":"<!-- This site is optimized with the Yoast SEO plugin v15.3 - https:\/\/yoast.com\/wordpress\/plugins\/seo\/ -->\n<meta name=\"description\" content=\"Tulet\u00f5kkepeits nii sise- kui v\u00e4likasutuseks. Puidu tulet\u00f5kkepeits tagab k\u00f5rgeima tulekaitse B-s1,d0, andes puitpinnale soovitud v\u00e4rvitoonis kauni ilme.\" \/>\n<meta name=\"robots\" content=\"index, follow, max-snippet:-1, max-image-preview:large, max-video-preview:-1\" \/>\n<link rel=\"canonical\" href=\"https:\/\/multiprosystem.eu\/vana\/et\/tuletokkepeits\/\" \/>\n<meta property=\"og:locale\" content=\"et_EE\" \/>\n<meta property=\"og:type\" content=\"article\" \/>\n<meta property=\"og:title\" content=\"Tulet\u00f5kkepeits | MultiPro System tulet\u00f5kkevahendid\" \/>\n<meta property=\"og:description\" content=\"Tulet\u00f5kkepeits nii sise- kui v\u00e4likasutuseks. Puidu tulet\u00f5kkepeits tagab k\u00f5rgeima tulekaitse B-s1,d0, andes puitpinnale soovitud v\u00e4rvitoonis kauni ilme.\" \/>\n<meta property=\"og:url\" content=\"https:\/\/multiprosystem.eu\/vana\/et\/tuletokkepeits\/\" \/>\n<meta property=\"og:site_name\" content=\"MultiPro System O\u00dc\" \/>\n<meta property=\"article:modified_time\" content=\"2017-05-11T09:32:34+00:00\" \/>\n<meta property=\"og:image\" content=\"https:\/\/www.multiprosystem.eu\/vana\/wp-content\/uploads\/2015\/10\/pdf-80x80.png\" \/>\n<meta name=\"twitter:card\" content=\"summary_large_image\" \/>\n<meta name=\"twitter:label1\" content=\"Written by\">\n\t<meta name=\"twitter:data1\" content=\"admin\">\n\t<meta name=\"twitter:label2\" content=\"Est. reading time\">\n\t<meta name=\"twitter:data2\" content=\"3 minutit\">\n<script type=\"application\/ld+json\" class=\"yoast-schema-graph\">{\"@context\":\"https:\/\/schema.org\",\"@graph\":[{\"@type\":\"WebSite\",\"@id\":\"https:\/\/multiprosystem.eu\/vana\/#website\",\"url\":\"https:\/\/multiprosystem.eu\/vana\/\",\"name\":\"MultiPro System O\\u00dc\",\"description\":\"Top-of-the-line fire retardants\",\"potentialAction\":[{\"@type\":\"SearchAction\",\"target\":\"https:\/\/multiprosystem.eu\/vana\/?s={search_term_string}\",\"query-input\":\"required name=search_term_string\"}],\"inLanguage\":\"et\"},{\"@type\":\"ImageObject\",\"@id\":\"https:\/\/multiprosystem.eu\/vana\/et\/tuletokkepeits\/#primaryimage\",\"inLanguage\":\"et\",\"url\":\"https:\/\/www.multiprosystem.eu\/vana\/wp-content\/uploads\/2015\/10\/pdf-80x80.png\"},{\"@type\":\"WebPage\",\"@id\":\"https:\/\/multiprosystem.eu\/vana\/et\/tuletokkepeits\/#webpage\",\"url\":\"https:\/\/multiprosystem.eu\/vana\/et\/tuletokkepeits\/\",\"name\":\"Tulet\\u00f5kkepeits | MultiPro System tulet\\u00f5kkevahendid\",\"isPartOf\":{\"@id\":\"https:\/\/multiprosystem.eu\/vana\/#website\"},\"primaryImageOfPage\":{\"@id\":\"https:\/\/multiprosystem.eu\/vana\/et\/tuletokkepeits\/#primaryimage\"},\"datePublished\":\"2015-10-03T00:50:30+00:00\",\"dateModified\":\"2017-05-11T09:32:34+00:00\",\"description\":\"Tulet\\u00f5kkepeits nii sise- kui v\\u00e4likasutuseks. Puidu tulet\\u00f5kkepeits tagab k\\u00f5rgeima tulekaitse B-s1,d0, andes puitpinnale soovitud v\\u00e4rvitoonis kauni ilme.\",\"inLanguage\":\"et\",\"potentialAction\":[{\"@type\":\"ReadAction\",\"target\":[\"https:\/\/multiprosystem.eu\/vana\/et\/tuletokkepeits\/\"]}]}]}<\/script>\n<!-- \/ Yoast SEO plugin. -->","amp_validity":null,"amp_enabled":true,"_links":{"self":[{"href":"https:\/\/multiprosystem.eu\/vana\/et\/wp-json\/wp\/v2\/pages\/11396","targetHints":{"allow":["GET"]}}],"collection":[{"href":"https:\/\/multiprosystem.eu\/vana\/et\/wp-json\/wp\/v2\/pages"}],"about":[{"href":"https:\/\/multiprosystem.eu\/vana\/et\/wp-json\/wp\/v2\/types\/page"}],"author":[{"embeddable":true,"href":"https:\/\/multiprosystem.eu\/vana\/et\/wp-json\/wp\/v2\/users\/1"}],"replies":[{"embeddable":true,"href":"https:\/\/multiprosystem.eu\/vana\/et\/wp-json\/wp\/v2\/comments?post=11396"}],"version-history":[{"count":29,"href":"https:\/\/multiprosystem.eu\/vana\/et\/wp-json\/wp\/v2\/pages\/11396\/revisions"}],"predecessor-version":[{"id":12992,"href":"https:\/\/multiprosystem.eu\/vana\/et\/wp-json\/wp\/v2\/pages\/11396\/revisions\/12992"}],"wp:attachment":[{"href":"https:\/\/multiprosystem.eu\/vana\/et\/wp-json\/wp\/v2\/media?parent=11396"}],"curies":[{"name":"wp","href":"https:\/\/api.w.org\/{rel}","templated":true}]}}