{"id":13146,"date":"2017-08-03T10:31:45","date_gmt":"2017-08-03T10:31:45","guid":{"rendered":"https:\/\/www.multiprosystem.eu\/vana\/?page_id=13146"},"modified":"2017-08-11T06:55:49","modified_gmt":"2017-08-11T06:55:49","slug":"tooted","status":"publish","type":"page","link":"https:\/\/multiprosystem.eu\/vana\/et\/tooted\/","title":{"rendered":"Tooted"},"content":{"rendered":"<div class=\"flex_column av_one_full  flex_column_div av-zero-column-padding first  \" style='border-radius:0px; '><div style='padding-bottom:10px;' class='av-special-heading av-special-heading-h2  blockquote modern-quote modern-centered '><h2 class='av-special-heading-tag'  itemprop=\"headline\"  >TOOTED<\/h2><div class='special-heading-border'><div class='special-heading-inner-border' ><\/div><\/div><\/div><\/div>\n<div class=\"flex_column av_one_half  flex_column_div av-zero-column-padding first  \" style='border-radius:0px; '><p><div style='padding-bottom:10px;' class='av-special-heading av-special-heading-h3    '><h3 class='av-special-heading-tag'  itemprop=\"headline\"  >Tulet\u00f5kke immutusvahendid (toonimata)<\/h3><div class='special-heading-border'><div class='special-heading-inner-border' ><\/div><\/div><\/div><br \/>\n<section class=\"av_textblock_section\"  itemscope=\"itemscope\" itemtype=\"https:\/\/schema.org\/CreativeWork\" ><div class='avia_textblock '  style='font-size:14px; '  itemprop=\"text\" ><p>Nii Texterior kui Ultra on k\u00f5rgeima, B-s1,d0 klassi veep\u00f5hised immutusvahendid, mis omavad teiste analoogsete toodete ees olulisi eeliseid. M\u00f5lemad on:<\/p>\n<ul>\n<li><strong>Terviseohutud ja keskkonnas\u00f5bralikud<\/strong>\u00a0\u2013 nii Ultra kui Texterior ei sisalda halogeene ega toksilisi, kantserogeenseid ega muul moel ohtlikke \u00fchendeid;<\/li>\n<li><strong>Lihtsalt kasutatavad<\/strong>\u00a0\u2013 saab kasutada nii t\u00f6\u00f6stuslikult (v\u00e4rvimismasinas v\u00f5i autoklaavis) kui k\u00e4sitsi (pintsliga, pihustiga, rullikuga). Saab t\u00f6\u00f6delda ka juba paigaldatud konstruktsioone, fassaade jms.;<\/li>\n<li><strong>Ei vaja s\u00fcvaimmutust<\/strong>\u00a0autoklaavis (kuigi neid saab autoklaavis kasutada);<\/li>\n<li>J\u00e4tavad t\u00f6\u00f6deldud puitpinna\u00a0<strong>v\u00e4limuse naturaalseks<\/strong><\/li>\n<\/ul>\n<p><strong>Texterior<\/strong><strong>\u00a0pakub lisaks ka suurep\u00e4rast kaitset bioloogiliste riskide (m\u00e4danemine,k\u00f5dunemine, seened, termiidid) eest.<\/strong><\/p>\n<p><strong>Ultra\u00a0<\/strong><strong>on teistest\u00a0<\/strong>surveimmutust mittevajavatest tulet\u00f5kkevahenditest m\u00e4rksa efektiivsem. Sellega t\u00f6\u00f6deldud omab kahekordset kaitset \u2013 lisaks puitpinna s\u00f6estumisest tekkivale kaitsekihile hakkab puidu pealispind ka \u2019kobrutama\u2019, tekib paisuvatele tulet\u00f5kkev\u00e4rvidele sarnane efekt.<\/p>\n<\/div><\/section><br \/>\n<div class='avia-button-wrap avia-button-left '><a href='https:\/\/multiprosystem.eu\/vana\/et\/tuletokkevahendid\/' class='avia-button  avia-icon_select-no avia-color-theme-color avia-size-medium avia-position-left '   ><span class='avia_iconbox_title' >Loe veel<\/span><\/a><\/div><br \/>\n<div style='padding-bottom:10px;' class='av-special-heading av-special-heading-h3    '><h3 class='av-special-heading-tag'  itemprop=\"headline\"  >Tulet\u00f5kkevahend Accoyale<\/h3><div class='special-heading-border'><div class='special-heading-inner-border' ><\/div><\/div><\/div><br \/>\n<section class=\"av_textblock_section\"  itemscope=\"itemscope\" itemtype=\"https:\/\/schema.org\/CreativeWork\" ><div class='avia_textblock '   itemprop=\"text\" ><p>Accoya, mille kohta selle tootja Accys Ltd. \u00fctleb\u00a0<em>hi-tech wood<\/em>\u00a0e. k\u00f5rgtehnoloogiline puit, kogub tuntust ja leiab \u00fcha laiemat kasutamist ka Eestis. Accoya valmistatakse tavapuidu atset\u00fc\u00fclimisprotsessis, mis on Accsys Ltd. poolt patenteeritud.<\/p>\n<p>Ent atset\u00fc\u00fclimine ei anna puidule tulekaitset \u2013 Accoya s\u00fcttib ja p\u00f5leb samamoodi v\u00f5i isegi paremini kui tavapuit. Olles eriline puit vajab Accoya ka spetsiaalset tulet\u00f5kkevahendit, mis peab olema justnimelt Accoya peal testitud ja sertifitseeritud. Tavapuidu jaoks m\u00f5eldud tulet\u00f5kke-immutusvahendid Accoya peal ei toimi ning tavapuidule v\u00e4lja antud sertifikaadid Accoya puhul ei kehti.<\/p>\n<\/div><\/section><br \/>\n<div class='avia-button-wrap avia-button-left '><a href='https:\/\/multiprosystem.eu\/vana\/et\/tuletokkevahendid\/accoya\/' class='avia-button  avia-icon_select-no avia-color-theme-color avia-size-medium avia-position-left '   ><span class='avia_iconbox_title' >Loe veel<\/span><\/a><\/div><br \/>\n<div style='padding-bottom:10px;' class='av-special-heading av-special-heading-h3    '><h3 class='av-special-heading-tag'  itemprop=\"headline\"  >Tulet\u00f5kkevahend termopuidule<\/h3><div class='special-heading-border'><div class='special-heading-inner-border' ><\/div><\/div><\/div><br \/>\n<section class=\"av_textblock_section\"  itemscope=\"itemscope\" itemtype=\"https:\/\/schema.org\/CreativeWork\" ><div class='avia_textblock '   itemprop=\"text\" ><p>Termot\u00f6\u00f6deldud puidu e. termopuidu valmistamiseks t\u00f6\u00f6deldakse puitu k\u00f5rgema kui 170 C temperatuuri juures. Selle protsessi tagaj\u00e4rjel paranevad puidu pehkimis- ja ilmastikukindlus ning soojusisoleerivus ja niiskuspaisumine. K\u00f5rgel temperatuuril eraldub puidust ka vaik.<\/p>\n<p>Termopuit sobib h\u00e4sti nii sise- kui v\u00e4lisvooderduseks, terrassi- ja p\u00f5randalauaks, m\u00f6\u00f6bliesemete ning sisustuse valmistamiseks. Termiline t\u00f6\u00f6tlemine parandab puidu biokindlust ja teeb selle eriti sobivaks v\u00e4listingimustes kasutamiseks. Niiskuskindluse t\u00f5ttu on termopuit leidnud laialdast kasutamist saunade siseviimistluses.<\/p>\n<\/div><\/section><br \/>\n<div class='avia-button-wrap avia-button-left '><a href='https:\/\/multiprosystem.eu\/vana\/et\/tuletokkevahendid\/termopuit\/' class='avia-button  avia-icon_select-no avia-color-theme-color avia-size-medium avia-position-left '   ><span class='avia_iconbox_title' >Loe veel<\/span><\/a><\/div><\/p><\/div>\n<div class=\"flex_column av_one_half  flex_column_div av-zero-column-padding   \" style='border-radius:0px; '><div class='avia-image-container  av-styling-   avia-align-center '  itemscope=\"itemscope\" itemtype=\"https:\/\/schema.org\/ImageObject\"  ><div class='avia-image-container-inner'><img class='avia_image ' src='https:\/\/multiprosystem.eu\/vana\/wp-content\/uploads\/2015\/11\/photo-2-of-23-687x1030.jpg' alt='' title='photo (2 of 23)'   itemprop=\"contentURL\"  \/><\/div><\/div><\/div>\n<div  class='hr hr-default '><span class='hr-inner ' ><span class='hr-inner-style'><\/span><\/span><\/div>\n<div class=\"flex_column av_one_half  flex_column_div av-zero-column-padding first  \" style='border-radius:0px; '><div class='avia-image-container  av-styling-   avia-align-center '  itemscope=\"itemscope\" itemtype=\"https:\/\/schema.org\/ImageObject\"  ><div class='avia-image-container-inner'><img class='avia_image ' src='https:\/\/multiprosystem.eu\/vana\/wp-content\/uploads\/2015\/02\/MP-FR-Texterior_Toned-1030x773.jpg' alt='' title='MP FR Texterior_Toned'   itemprop=\"contentURL\"  \/><\/div><\/div><\/div>\n<div class=\"flex_column av_one_half  flex_column_div av-zero-column-padding   \" style='border-radius:0px; '><p><div style='padding-bottom:10px;' class='av-special-heading av-special-heading-h3   '><h3 class='av-special-heading-tag'  itemprop=\"headline\"  >Tulet\u00f5kkepeits<\/h3><div class='special-heading-border'><div class='special-heading-inner-border' ><\/div><\/div><\/div><br \/>\n<section class=\"av_textblock_section\"  itemscope=\"itemscope\" itemtype=\"https:\/\/schema.org\/CreativeWork\" ><div class='avia_textblock '  style='font-size:14px; '  itemprop=\"text\" ><p><strong>Tulet\u00f5kkepeits puidule on unikaalne toode, mida peale MultiPro Systemi maailmas keegi teine ei tooda.<\/strong><\/p>\n<p>Tegemist on sisuliselt kaks-\u00fches tootega: see tagab k\u00f5rgeima tulet\u00f5kkeklassi B-s1,d0 ja\u00a0 annab soovitud dekoratiivse v\u00e4limuse.<\/p>\n<p>MultiPro System toodab tulet\u00f5kkepeitsi nii sise- kui v\u00e4likasutuseks. M\u00f5lemad tooted on kasutatavad nii k\u00e4sitsi (pintsli v\u00f5i rullikuga) kui t\u00f6\u00f6stuslikult (v\u00e4rvimismasinas).<\/p>\n<p>Toote kasutamine aitab oluliselt s\u00e4\u00e4sta aega ja raha \u2013 kahe erineva materjali (tulet\u00f5kkevahend ja peits\/v\u00e4rv) ja t\u00f6\u00f6protsessi asemel saab sama tulemuse \u00fche toote ja t\u00f6\u00f6protsessiga.<\/p>\n<\/div><\/section><br \/>\n<div class='avia-button-wrap avia-button-right '><a href='https:\/\/multiprosystem.eu\/vana\/et\/tuletokkepeits\/' class='avia-button  avia-icon_select-no avia-color-theme-color avia-size-medium avia-position-right '   ><span class='avia_iconbox_title' >Loe veel<\/span><\/a><\/div><\/p><\/div><div  class='hr hr-default '><span class='hr-inner ' ><span class='hr-inner-style'><\/span><\/span><\/div><\/p>\n<div class=\"flex_column av_one_half  flex_column_div av-zero-column-padding first  \" style='border-radius:0px; '><p><div style='padding-bottom:10px;' class='av-special-heading av-special-heading-h3   '><h3 class='av-special-heading-tag'  itemprop=\"headline\"  >Puidukaitsevahend<\/h3><div class='special-heading-border'><div class='special-heading-inner-border' ><\/div><\/div><\/div><br \/>\n<section class=\"av_textblock_section\"  itemscope=\"itemscope\" itemtype=\"https:\/\/schema.org\/CreativeWork\" ><div class='avia_textblock '  style='font-size:14px; '  itemprop=\"text\" ><section class=\"av_textblock_section\">\n<div class=\"avia_textblock \">\n<section class=\"av_textblock_section\">\n<div class=\"avia_textblock \">\n<p>MultiPro Systemi toodetavad puidukaitsevahendid tagavad suurep\u00e4rase kaitse bioloogiliste riskide (hallitus, m\u00e4danik, k\u00f5dunemine, seened, kahjurid) vastu, olles samas sihtotstarbelisel kasutamisel\u00a0 inimesele ja keskkonnale ohutud.<\/p>\n<\/div>\n<\/section>\n<\/div>\n<\/section>\n<\/div><\/section><br \/>\n<div class='avia-button-wrap avia-button-left '><a href='https:\/\/multiprosystem.eu\/vana\/et\/puidukaitsevahendid\/' class='avia-button  avia-icon_select-no avia-color-theme-color avia-size-medium avia-position-left '   ><span class='avia_iconbox_title' >Loe veel<\/span><\/a><\/div><\/p><\/div><div class=\"flex_column av_one_half  flex_column_div av-zero-column-padding   \" style='border-radius:0px; '><div class='avia-image-container  av-styling-   avia-align-center '  itemscope=\"itemscope\" itemtype=\"https:\/\/schema.org\/ImageObject\"  ><div class='avia-image-container-inner'><img class='avia_image ' src='https:\/\/multiprosystem.eu\/vana\/wp-content\/uploads\/2015\/11\/photo-17-of-23-1030x687.jpg' alt='' title='photo (17 of 23)'   itemprop=\"contentURL\"  \/><\/div><\/div><\/div><\/p>\n","protected":false},"excerpt":{"rendered":"","protected":false},"author":1,"featured_media":0,"parent":0,"menu_order":0,"comment_status":"closed","ping_status":"closed","template":"","meta":{"footnotes":""},"class_list":["post-13146","page","type-page","status-publish","hentry"],"yoast_head":"<!-- This site is optimized with the Yoast SEO plugin v15.3 - https:\/\/yoast.com\/wordpress\/plugins\/seo\/ -->\n<meta name=\"robots\" content=\"index, follow, max-snippet:-1, max-image-preview:large, max-video-preview:-1\" \/>\n<link rel=\"canonical\" href=\"https:\/\/www.multiprosystem.eu\/vana\/et\/tooted\/\" \/>\n<meta property=\"og:locale\" content=\"et_EE\" \/>\n<meta property=\"og:type\" content=\"article\" \/>\n<meta property=\"og:title\" content=\"Tooted - MultiPro System O\u00dc\" \/>\n<meta property=\"og:url\" content=\"https:\/\/www.multiprosystem.eu\/vana\/et\/tooted\/\" \/>\n<meta property=\"og:site_name\" content=\"MultiPro System O\u00dc\" \/>\n<meta property=\"article:modified_time\" content=\"2017-08-11T06:55:49+00:00\" \/>\n<meta name=\"twitter:card\" content=\"summary_large_image\" \/>\n<meta name=\"twitter:label1\" content=\"Written by\">\n\t<meta name=\"twitter:data1\" content=\"admin\">\n\t<meta name=\"twitter:label2\" content=\"Est. reading time\">\n\t<meta name=\"twitter:data2\" content=\"6 minutit\">\n<script type=\"application\/ld+json\" class=\"yoast-schema-graph\">{\"@context\":\"https:\/\/schema.org\",\"@graph\":[{\"@type\":\"WebSite\",\"@id\":\"https:\/\/multiprosystem.eu\/vana\/#website\",\"url\":\"https:\/\/multiprosystem.eu\/vana\/\",\"name\":\"MultiPro System O\\u00dc\",\"description\":\"Top-of-the-line fire retardants\",\"potentialAction\":[{\"@type\":\"SearchAction\",\"target\":\"https:\/\/multiprosystem.eu\/vana\/?s={search_term_string}\",\"query-input\":\"required name=search_term_string\"}],\"inLanguage\":\"et\"},{\"@type\":\"WebPage\",\"@id\":\"https:\/\/www.multiprosystem.eu\/vana\/et\/tooted\/#webpage\",\"url\":\"https:\/\/www.multiprosystem.eu\/vana\/et\/tooted\/\",\"name\":\"Tooted - MultiPro System O\\u00dc\",\"isPartOf\":{\"@id\":\"https:\/\/multiprosystem.eu\/vana\/#website\"},\"datePublished\":\"2017-08-03T10:31:45+00:00\",\"dateModified\":\"2017-08-11T06:55:49+00:00\",\"inLanguage\":\"et\",\"potentialAction\":[{\"@type\":\"ReadAction\",\"target\":[\"https:\/\/www.multiprosystem.eu\/vana\/et\/tooted\/\"]}]}]}<\/script>\n<!-- \/ Yoast SEO plugin. -->","amp_validity":null,"amp_enabled":true,"_links":{"self":[{"href":"https:\/\/multiprosystem.eu\/vana\/et\/wp-json\/wp\/v2\/pages\/13146","targetHints":{"allow":["GET"]}}],"collection":[{"href":"https:\/\/multiprosystem.eu\/vana\/et\/wp-json\/wp\/v2\/pages"}],"about":[{"href":"https:\/\/multiprosystem.eu\/vana\/et\/wp-json\/wp\/v2\/types\/page"}],"author":[{"embeddable":true,"href":"https:\/\/multiprosystem.eu\/vana\/et\/wp-json\/wp\/v2\/users\/1"}],"replies":[{"embeddable":true,"href":"https:\/\/multiprosystem.eu\/vana\/et\/wp-json\/wp\/v2\/comments?post=13146"}],"version-history":[{"count":21,"href":"https:\/\/multiprosystem.eu\/vana\/et\/wp-json\/wp\/v2\/pages\/13146\/revisions"}],"predecessor-version":[{"id":13238,"href":"https:\/\/multiprosystem.eu\/vana\/et\/wp-json\/wp\/v2\/pages\/13146\/revisions\/13238"}],"wp:attachment":[{"href":"https:\/\/multiprosystem.eu\/vana\/et\/wp-json\/wp\/v2\/media?parent=13146"}],"curies":[{"name":"wp","href":"https:\/\/api.w.org\/{rel}","templated":true}]}}